{"id":10369,"date":"2025-04-28T13:29:16","date_gmt":"2025-04-28T12:29:16","guid":{"rendered":"https:\/\/everbrandsweden.com\/?page_id=10369"},"modified":"2025-05-22T07:23:10","modified_gmt":"2025-05-22T06:23:10","slug":"torne-se-um-revendedor","status":"publish","type":"page","link":"https:\/\/everbrandsweden.com\/en\/torne-se-um-revendedor\/","title":{"rendered":"Torne-se um revendedor"},"content":{"rendered":"\n\n\t<section class=\"section introh1\" id=\"section_1622457876\">\n\t\t<div class=\"section-bg fill\" >\n\t\t\t\t\t\t\t\t\t\n\t\t\t\n\n\t\t<\/div>\n\n\t\t\n\n\t\t<div class=\"section-content relative\">\n\t\t\t\n\n\t<div id=\"gap-624025773\" class=\"gap-element clearfix\" style=\"display:block; height:auto;\">\n\t\t\n<style>\n#gap-624025773 {\n  padding-top: 40px;\n}\n@media (min-width:550px) {\n  #gap-624025773 {\n    padding-top: 45px;\n  }\n}\n@media (min-width:850px) {\n  #gap-624025773 {\n    padding-top: 45px;\n  }\n}\n<\/style>\n\t<\/div>\n\t\n\n<div class=\"row row-small align-middle\"  id=\"row-456236893\">\n\n\n\t<div id=\"col-1324712984\" class=\"col medium-6 small-12 large-6\"  >\n\t\t\t\t<div class=\"col-inner\"  >\n\t\t\t\n\t\t\t\n\n<h1><span style=\"font-weight: 400;\">Torne-se um revendedor<\/span><\/h1>\n<p><span style=\"font-weight: 400;\">A pr\u00f3xima gera\u00e7\u00e3o de absorventes de humidade!<\/span><\/p>\n\n\t\t<\/div>\n\t\t\t\t\n<style>\n#col-1324712984 > .col-inner {\n  margin: 0px 0px -20px 0px;\n}\n@media (min-width:550px) {\n  #col-1324712984 > .col-inner {\n    margin: 0px 0px 0px 0px;\n  }\n}\n@media (min-width:850px) {\n  #col-1324712984 > .col-inner {\n    margin: 0px 0px 0px 0px;\n  }\n}\n<\/style>\n\t<\/div>\n\n\t\n\n\t<div id=\"col-1981839657\" class=\"col medium-6 small-12 large-6\"  >\n\t\t\t\t<div class=\"col-inner\"  >\n\t\t\t\n\t\t\t\n\n<p>\u00a0<\/p>\n\n\t\t<\/div>\n\t\t\t\t\t<\/div>\n\n\t\n\n<\/div>\n\n\t\t<\/div>\n\n\t\t\n<style>\n#section_1622457876 {\n  padding-top: 0px;\n  padding-bottom: 0px;\n  background-color: rgb(250, 250, 250);\n}\n<\/style>\n\t<\/section>\n\t\n\n\t<section class=\"section\" id=\"section_2092602804\">\n\t\t<div class=\"section-bg fill\" >\n\t\t\t\t\t\t\t\t\t\n\t\t\t\n\n\t\t<\/div>\n\n\t\t\n\n\t\t<div class=\"section-content relative\">\n\t\t\t\n\n<div class=\"row align-middle\"  id=\"row-1738950117\">\n\n\n\t<div id=\"col-938569073\" class=\"col medium-6 small-12 large-6\"  >\n\t\t\t\t<div class=\"col-inner\"  >\n\t\t\t\n\t\t\t\n\n<p><span style=\"font-weight: 400;\">N\u00f3s da Everbrand Sweden somos uma marca sueca com sede em Hillerstorp, Su\u00e9cia. Fabricamos, produzimos e distribu\u00edmos elegantes produtos absorventes de umidade que n\u00e3o apenas reduzem o risco de umidade, mas tamb\u00e9m combatem contra maus odores e mofo \u2013 ideais para criar um ambiente interno mais harmonioso. <\/span><\/p>\n<p><span style=\"font-weight: 400;\">Com solu\u00e7\u00f5es de alta qualidade produzidas localmente, assumimos a responsabilidade por um futuro mais sustent\u00e1vel. Confiabilidade, proximidade e compromisso est\u00e3o presentes em tudo o que fazemos &#8211; do desenvolvimento dos produtos \u00e0 entrega e ao atendimento.<\/span><\/p>\n<h4><strong>Por que se associar \u00e0 Everbrand Sweden?<\/strong><\/h4>\n<ul>\n<li class=\"\" data-start=\"42\" data-end=\"133\">\n<p class=\"\" data-start=\"44\" data-end=\"133\"><span style=\"font-weight: 400;\"><strong>Ampla gama de produtos:<\/strong> Torrbollen, Sharkbite, Absodry e mais para atender a diferentes necessidades.<\/span><\/p>\n<\/li>\n<li class=\"\" data-start=\"134\" data-end=\"204\">\n<p class=\"\" data-start=\"136\" data-end=\"204\"><span style=\"font-weight: 400;\"><strong>Qualidade superior:<\/strong> Produtos confi\u00e1veis e bem projetados nos quais os clientes confiam.<\/span><\/p>\n<\/li>\n<li class=\"\" data-start=\"205\" data-end=\"289\">\n<p class=\"\" data-start=\"207\" data-end=\"289\"><span style=\"font-weight: 400;\"><strong>Compromisso ecol\u00f3gico:<\/strong> Solu\u00e7\u00f5es sustent\u00e1veis que atraem consumidores conscientes.<\/span><\/p>\n<\/li>\n<li class=\"\" data-start=\"290\" data-end=\"373\">\n<p class=\"\" data-start=\"292\" data-end=\"373\"><span style=\"font-weight: 400;\"><strong>Suporte s\u00f3lido:<\/strong> Parcerias confi\u00e1veis com servi\u00e7o profissional e dedicado.<\/span><\/p>\n<\/li>\n<\/ul>\n<p><span style=\"font-weight: 400;\">Se voc\u00ea deseja solicitar uma amostra do produto <strong>Absodry By Torrbollen<\/strong> e se tornar um revendedor, por favor preencha o formul\u00e1rio abaixo.<\/span><\/p>\n\n\t\t<\/div>\n\t\t\t\t\t<\/div>\n\n\t\n\n\t<div id=\"col-1065741711\" class=\"col medium-6 small-12 large-6\"  >\n\t\t\t\t<div class=\"col-inner\"  >\n\t\t\t\n\t\t\t\n\n\t<div class=\"img has-hover x md-x lg-x y md-y lg-y\" id=\"image_1382890804\">\n\t\t\t\t\t\t\t\t<div class=\"img-inner dark\" >\n\t\t\t<img loading=\"lazy\" decoding=\"async\" width=\"720\" height=\"720\" src=\"https:\/\/everbrandsweden.com\/wp-content\/uploads\/2025\/05\/Everbrand_portoguese.png\" class=\"attachment-medium size-medium\" alt=\"\" srcset=\"https:\/\/everbrandsweden.com\/wp-content\/uploads\/2025\/05\/Everbrand_portoguese.png 720w, https:\/\/everbrandsweden.com\/wp-content\/uploads\/2025\/05\/Everbrand_portoguese-480x480.png 480w, https:\/\/everbrandsweden.com\/wp-content\/uploads\/2025\/05\/Everbrand_portoguese-350x350.png 350w, https:\/\/everbrandsweden.com\/wp-content\/uploads\/2025\/05\/Everbrand_portoguese-100x100.png 100w\" sizes=\"auto, (max-width: 720px) 100vw, 720px\" \/>\t\t\t\t\t\t\n\t\t\t\t\t<\/div>\n\t\t\t\t\t\t\t\t\n<style>\n#image_1382890804 {\n  width: 100%;\n}\n<\/style>\n\t<\/div>\n\t\n\n\n\t\t<\/div>\n\t\t\t\t\t<\/div>\n\n\t\n\n<\/div>\n\n\t\t<\/div>\n\n\t\t\n<style>\n#section_2092602804 {\n  padding-top: 30px;\n  padding-bottom: 30px;\n}\n<\/style>\n\t<\/section>\n\t\n\n\t<section class=\"section\" id=\"section_1270310099\">\n\t\t<div class=\"section-bg fill\" >\n\t\t\t\t\t\t\t\t\t\n\t\t\t\n\n\t\t<\/div>\n\n\t\t\n\n\t\t<div class=\"section-content relative\">\n\t\t\t\n\n\t<div id=\"gap-1243681768\" class=\"gap-element clearfix\" style=\"display:block; height:auto;\">\n\t\t\n<style>\n#gap-1243681768 {\n  padding-top: 40px;\n}\n@media (min-width:550px) {\n  #gap-1243681768 {\n    padding-top: 40px;\n  }\n}\n@media (min-width:850px) {\n  #gap-1243681768 {\n    padding-top: 70px;\n  }\n}\n<\/style>\n\t<\/div>\n\t\n\n<div class=\"row\"  id=\"row-1435849675\">\n\n\n\t<div id=\"col-77965425\" class=\"col small-12 large-12\"  >\n\t\t\t\t<div class=\"col-inner\"  >\n\t\t\t\n\t\t\t\n\n<h3>Deseja tornar-se um revendedor?<\/h3>\n\n\t\t<\/div>\n\t\t\t\t\n<style>\n#col-77965425 > .col-inner {\n  margin: 0px 0px -25px 0px;\n}\n<\/style>\n\t<\/div>\n\n\t\n\n<\/div>\n<div class=\"row row-small\"  id=\"row-1805746975\">\n\n\n\t<div id=\"col-2145345823\" class=\"col small-12 large-12\"  >\n\t\t\t\t<div class=\"col-inner\"  >\n\t\t\t\n\t\t\t\n\n\n<div class=\"wpcf7 no-js\" id=\"wpcf7-f10371-o1\" lang=\"sv-SE\" dir=\"ltr\" data-wpcf7-id=\"10371\">\n<div class=\"screen-reader-response\"><p role=\"status\" aria-live=\"polite\" aria-atomic=\"true\"><\/p> <ul><\/ul><\/div>\n<form action=\"\/en\/wp-json\/wp\/v2\/pages\/10369#wpcf7-f10371-o1\" method=\"post\" class=\"wpcf7-form init\" aria-label=\"Kontaktformul\u00e4r\" novalidate=\"novalidate\" data-status=\"init\">\n<fieldset class=\"hidden-fields-container\"><input type=\"hidden\" name=\"_wpcf7\" value=\"10371\" \/><input type=\"hidden\" name=\"_wpcf7_version\" value=\"6.1.2\" \/><input type=\"hidden\" name=\"_wpcf7_locale\" value=\"sv_SE\" \/><input type=\"hidden\" name=\"_wpcf7_unit_tag\" value=\"wpcf7-f10371-o1\" \/><input type=\"hidden\" name=\"_wpcf7_container_post\" value=\"0\" \/><input type=\"hidden\" name=\"_wpcf7_posted_data_hash\" value=\"\" \/>\n<\/fieldset>\n<p><div class=\"row\"  id=\"row-1964882639\">\n<\/p>\n<p>\n\t<div id=\"col-1852540172\" class=\"col medium-6 small-12 large-6\"  >\n\t\t\t\t<div class=\"col-inner\"  >\n\t\t\t\n\t\t\t\n<\/p>\n<p><div class=\"row\"  id=\"row-1817159785\">\n<\/p>\n<p>\n\t<div id=\"col-946005729\" class=\"col small-12 large-12\"  >\n\t\t\t\t<div class=\"col-inner\"  >\n\t\t\t\n\t\t\t\n<\/p>\n<p><span class=\"wpcf7-form-control-wrap\" data-name=\"namn\"><input size=\"40\" maxlength=\"400\" class=\"wpcf7-form-control wpcf7-text\" aria-invalid=\"false\" placeholder=\"Nome\" value=\"\" type=\"text\" name=\"namn\" \/><\/span>\n<\/p>\n<p>\t\t<\/div>\n\t\t\t\t\t<\/div>\n\n\t\n<\/p>\n<p>\n\t<div id=\"col-2122110135\" class=\"col small-12 large-12\"  >\n\t\t\t\t<div class=\"col-inner\"  >\n\t\t\t\n\t\t\t\n<\/p>\n<p><span class=\"wpcf7-form-control-wrap\" data-name=\"telefon\"><input size=\"40\" maxlength=\"400\" class=\"wpcf7-form-control wpcf7-tel wpcf7-text wpcf7-validates-as-tel\" aria-invalid=\"false\" placeholder=\"N\u00famero de telefone\" value=\"\" type=\"tel\" name=\"telefon\" \/><\/span>\n<\/p>\n<p>\t\t<\/div>\n\t\t\t\t\t<\/div>\n\n\t<br \/>\n\n\t<div id=\"col-1844360255\" class=\"col small-12 large-12\"  >\n\t\t\t\t<div class=\"col-inner\"  >\n\t\t\t\n\t\t\t\n<\/p>\n<p><span class=\"wpcf7-form-control-wrap\" data-name=\"epost\"><input size=\"40\" maxlength=\"400\" class=\"wpcf7-form-control wpcf7-email wpcf7-validates-as-required wpcf7-text wpcf7-validates-as-email\" aria-required=\"true\" aria-invalid=\"false\" placeholder=\"E-mail\" value=\"\" type=\"email\" name=\"epost\" \/><\/span>\n<\/p>\n<p>\t\t<\/div>\n\t\t\t\t\t<\/div>\n\n\t\n<\/p>\n<p>\n\t<div id=\"col-702034503\" class=\"col small-12 large-12\"  >\n\t\t\t\t<div class=\"col-inner\"  >\n\t\t\t\n\t\t\t\n<\/p>\n<p><span class=\"wpcf7-form-control-wrap\" data-name=\"foretag\"><input size=\"40\" maxlength=\"400\" class=\"wpcf7-form-control wpcf7-text\" aria-invalid=\"false\" placeholder=\"Empresa\" value=\"\" type=\"text\" name=\"foretag\" \/><\/span>\n<\/p>\n<p>\t\t<\/div>\n\t\t\t\t\t<\/div>\n\n\t\n<\/p>\n<p><\/div>\n<\/p>\n<p>\t\t<\/div>\n\t\t\t\t\t<\/div>\n\n\t<br \/>\n\n\t<div id=\"col-1272737848\" class=\"col medium-6 small-12 large-6\"  >\n\t\t\t\t<div class=\"col-inner\"  >\n\t\t\t\n\t\t\t\n<\/p>\n<p><div class=\"row\"  id=\"row-1356936322\"><br \/>\n\n\t<div id=\"col-1976473035\" class=\"col small-12 large-12\"  >\n\t\t\t\t<div class=\"col-inner\"  >\n\t\t\t\n\t\t\t\n<\/p>\n<p><span class=\"wpcf7-form-control-wrap\" data-name=\"kontakt\"><select class=\"wpcf7-form-control wpcf7-select\" aria-invalid=\"false\" name=\"kontakt\"><option value=\"Como deseja ser contactado?\">Como deseja ser contactado?<\/option><option value=\"N\u00famero de telefone\">N\u00famero de telefone<\/option><option value=\"E-mail\">E-mail<\/option><\/select><\/span>\n<\/p>\n<p>\t\t<\/div>\n\t\t\t\t\t<\/div>\n\n\t<br \/>\n\n\t<div id=\"col-272408249\" class=\"col small-12 large-12\"  >\n\t\t\t\t<div class=\"col-inner\"  >\n\t\t\t\n\t\t\t\n<\/p>\n<p><span class=\"wpcf7-form-control-wrap\" data-name=\"meddelande\"><textarea cols=\"40\" rows=\"10\" maxlength=\"2000\" class=\"wpcf7-form-control wpcf7-textarea\" aria-invalid=\"false\" placeholder=\"Mensagem...\" name=\"meddelande\"><\/textarea><\/span>\n<\/p>\n<p>\t\t<\/div>\n\t\t\t\t\t<\/div>\n\n\t\n<\/p>\n<p>\n\t<div id=\"col-100318806\" class=\"col small-12 large-12\"  >\n\t\t\t\t<div class=\"col-inner\"  >\n\t\t\t\n\t\t\t\n<\/p>\n<p><input class=\"wpcf7-form-control wpcf7-submit has-spinner\" type=\"submit\" value=\"Enviar mensagem\" \/>\n<\/p>\n<p>\t\t<\/div>\n\t\t\t\t\t<\/div>\n\n\t\n<\/p>\n<p><\/div>\n<\/p>\n<p>\t\t<\/div>\n\t\t\t\t\t<\/div>\n\n\t\n<\/p>\n<p><\/div>\n<\/p><p style=\"display: none !important;\" class=\"akismet-fields-container\" data-prefix=\"_wpcf7_ak_\"><label>&#916;<textarea name=\"_wpcf7_ak_hp_textarea\" cols=\"45\" rows=\"8\" maxlength=\"100\"><\/textarea><\/label><input type=\"hidden\" id=\"ak_js_1\" name=\"_wpcf7_ak_js\" value=\"196\"\/><script>document.getElementById( \"ak_js_1\" ).setAttribute( \"value\", ( new Date() ).getTime() );<\/script><\/p><div class=\"wpcf7-response-output\" aria-hidden=\"true\"><\/div>\n<\/form>\n<\/div>\n\n\n\n\t\t<\/div>\n\t\t\t\t\n<style>\n#col-2145345823 > .col-inner {\n  padding: 0px 10px 0px 10px;\n}\n<\/style>\n\t<\/div>\n\n\t\n\n<\/div>\n\t<div id=\"gap-298756474\" class=\"gap-element clearfix\" style=\"display:block; height:auto;\">\n\t\t\n<style>\n#gap-298756474 {\n  padding-top: 30px;\n}\n@media (min-width:550px) {\n  #gap-298756474 {\n    padding-top: 40px;\n  }\n}\n@media (min-width:850px) {\n  #gap-298756474 {\n    padding-top: 70px;\n  }\n}\n<\/style>\n\t<\/div>\n\t\n\n\n\t\t<\/div>\n\n\t\t\n<style>\n#section_1270310099 {\n  padding-top: 0px;\n  padding-bottom: 0px;\n}\n<\/style>\n\t<\/section>\n\t\n\n\t<section class=\"section members\" id=\"section_2029035071\">\n\t\t<div class=\"section-bg fill\" >\n\t\t\t\t\t\t\t\t\t\n\t\t\t\n\n\t\t<\/div>\n\n\t\t\n\n\t\t<div class=\"section-content relative\">\n\t\t\t\n\n\t<div id=\"gap-1340929294\" class=\"gap-element clearfix\" style=\"display:block; height:auto;\">\n\t\t\n<style>\n#gap-1340929294 {\n  padding-top: 40px;\n}\n@media (min-width:550px) {\n  #gap-1340929294 {\n    padding-top: 60px;\n  }\n}\n@media (min-width:850px) {\n  #gap-1340929294 {\n    padding-top: 100px;\n  }\n}\n<\/style>\n\t<\/div>\n\t\n\n<div class=\"row align-middle\"  id=\"row-503248195\">\n\n\n\t<div id=\"col-751407905\" class=\"col medium-4 small-12 large-6\"  >\n\t\t\t\t<div class=\"col-inner\"  >\n\t\t\t\n\t\t\t\n\n<h3>Contact us and we will tell you more<\/h3>\n<p>Are you curious about our brands and products? Do you want to become one of our partners or resellers? Contact us and we can answer your questions and tell you more about us.<\/p>\n\n\t\t<\/div>\n\t\t\t\t\t<\/div>\n\n\t\n\n\t<div id=\"col-338772632\" class=\"col medium-4 small-12 large-3\"  >\n\t\t\t\t<div class=\"col-inner\"  >\n\t\t\t\n\t\t\t\n\n\t<div id=\"gap-1814984539\" class=\"gap-element clearfix\" style=\"display:block; height:auto;\">\n\t\t\n<style>\n#gap-1814984539 {\n  padding-top: 10px;\n}\n<\/style>\n\t<\/div>\n\t\n\n\n\t\t<\/div>\n\t\t\t\t\t<\/div>\n\n\t\n\n\t<div id=\"col-1648571407\" class=\"col medium-4 small-12 large-3\"  >\n\t\t\t\t<div class=\"col-inner\"  >\n\t\t\t\n\t\t\t\n\n<h4>Adam Brobakken<\/h4>\n<h6>Sales Export<\/h6>\n\n\t<div id=\"gap-1830638953\" class=\"gap-element clearfix\" style=\"display:block; height:auto;\">\n\t\t\n<style>\n#gap-1830638953 {\n  padding-top: 10px;\n}\n<\/style>\n\t<\/div>\n\t\n\n<p class=\"phone\"><a href=\"tel:+46379-615534\">+46 (0) 370 61 55 34<\/a><\/p>\n<p class=\"mobile\"><a href=\"tel:+4670-3463913\">+46 (0) 70 346 39 13<\/a><\/p>\n<p class=\"mail\"><a href=\"mailto:adam@everbrandsweden.com\">adam@everbrandsweden.com<\/a><\/p>\n\n\t\t<\/div>\n\t\t\t\t\t<\/div>\n\n\t\n\n<\/div>\n\t<div id=\"gap-833988789\" class=\"gap-element clearfix\" style=\"display:block; height:auto;\">\n\t\t\n<style>\n#gap-833988789 {\n  padding-top: 40px;\n}\n@media (min-width:550px) {\n  #gap-833988789 {\n    padding-top: 70px;\n  }\n}\n<\/style>\n\t<\/div>\n\t\n\n\n\t\t<\/div>\n\n\t\t\n<style>\n#section_2029035071 {\n  padding-top: 0px;\n  padding-bottom: 0px;\n  background-color: rgb(250, 250, 250);\n}\n<\/style>\n\t<\/section>\n\t\n\n\n","protected":false},"excerpt":{"rendered":"","protected":false},"author":2,"featured_media":10340,"parent":0,"menu_order":0,"comment_status":"closed","ping_status":"closed","template":"page-blank.php","meta":{"_acf_changed":false,"footnotes":""},"class_list":["post-10369","page","type-page","status-publish","has-post-thumbnail","hentry"],"acf":[],"yoast_head":"<!-- This site is optimized with the Yoast SEO plugin v26.0 - https:\/\/yoast.com\/wordpress\/plugins\/seo\/ -->\n<title>Torne-se um revendedor - Everbrand<\/title>\n<meta name=\"description\" content=\"Se voc\u00ea deseja solicitar uma amostra do produto Absodry By Torrbollen e tornar-se um revendedor, por favor preencha o formul\u00e1rio abaixo.\" \/>\n<meta name=\"robots\" content=\"index, follow, max-snippet:-1, max-image-preview:large, max-video-preview:-1\" \/>\n<link rel=\"canonical\" href=\"https:\/\/everbrandsweden.com\/en\/torne-se-um-revendedor\/\" \/>\n<meta property=\"og:locale\" content=\"en_US\" \/>\n<meta property=\"og:type\" content=\"article\" \/>\n<meta property=\"og:title\" content=\"Torne-se um revendedor - Everbrand\" \/>\n<meta property=\"og:description\" content=\"Se voc\u00ea deseja solicitar uma amostra do produto Absodry By Torrbollen e tornar-se um revendedor, por favor preencha o formul\u00e1rio abaixo.\" \/>\n<meta property=\"og:url\" content=\"https:\/\/everbrandsweden.com\/en\/torne-se-um-revendedor\/\" \/>\n<meta property=\"og:site_name\" content=\"Everbrand\" \/>\n<meta property=\"article:modified_time\" content=\"2025-05-22T06:23:10+00:00\" \/>\n<meta property=\"og:image\" content=\"https:\/\/everbrandsweden.com\/wp-content\/uploads\/2025\/04\/Everbrand_1440x1440px_3-1.png\" \/>\n\t<meta property=\"og:image:width\" content=\"900\" \/>\n\t<meta property=\"og:image:height\" content=\"875\" \/>\n\t<meta property=\"og:image:type\" content=\"image\/png\" \/>\n<meta name=\"twitter:card\" content=\"summary_large_image\" \/>\n<meta name=\"twitter:label1\" content=\"Est. reading time\" \/>\n\t<meta name=\"twitter:data1\" content=\"2 minutes\" \/>\n<script type=\"application\/ld+json\" class=\"yoast-schema-graph\">{\"@context\":\"https:\/\/schema.org\",\"@graph\":[{\"@type\":\"WebPage\",\"@id\":\"https:\/\/everbrandsweden.com\/en\/torne-se-um-revendedor\/\",\"url\":\"https:\/\/everbrandsweden.com\/en\/torne-se-um-revendedor\/\",\"name\":\"Torne-se um revendedor - Everbrand\",\"isPartOf\":{\"@id\":\"https:\/\/everbrandsweden.com\/#website\"},\"primaryImageOfPage\":{\"@id\":\"https:\/\/everbrandsweden.com\/en\/torne-se-um-revendedor\/#primaryimage\"},\"image\":{\"@id\":\"https:\/\/everbrandsweden.com\/en\/torne-se-um-revendedor\/#primaryimage\"},\"thumbnailUrl\":\"https:\/\/everbrandsweden.com\/wp-content\/uploads\/2025\/04\/Everbrand_1440x1440px_3-1.png\",\"datePublished\":\"2025-04-28T12:29:16+00:00\",\"dateModified\":\"2025-05-22T06:23:10+00:00\",\"description\":\"Se voc\u00ea deseja solicitar uma amostra do produto Absodry By Torrbollen e tornar-se um revendedor, por favor preencha o formul\u00e1rio abaixo.\",\"breadcrumb\":{\"@id\":\"https:\/\/everbrandsweden.com\/en\/torne-se-um-revendedor\/#breadcrumb\"},\"inLanguage\":\"en-US\",\"potentialAction\":[{\"@type\":\"ReadAction\",\"target\":[\"https:\/\/everbrandsweden.com\/en\/torne-se-um-revendedor\/\"]}]},{\"@type\":\"ImageObject\",\"inLanguage\":\"en-US\",\"@id\":\"https:\/\/everbrandsweden.com\/en\/torne-se-um-revendedor\/#primaryimage\",\"url\":\"https:\/\/everbrandsweden.com\/wp-content\/uploads\/2025\/04\/Everbrand_1440x1440px_3-1.png\",\"contentUrl\":\"https:\/\/everbrandsweden.com\/wp-content\/uploads\/2025\/04\/Everbrand_1440x1440px_3-1.png\",\"width\":900,\"height\":875},{\"@type\":\"BreadcrumbList\",\"@id\":\"https:\/\/everbrandsweden.com\/en\/torne-se-um-revendedor\/#breadcrumb\",\"itemListElement\":[{\"@type\":\"ListItem\",\"position\":1,\"name\":\"Hem\",\"item\":\"https:\/\/everbrandsweden.com\/\"},{\"@type\":\"ListItem\",\"position\":2,\"name\":\"Torne-se um revendedor\"}]},{\"@type\":\"WebSite\",\"@id\":\"https:\/\/everbrandsweden.com\/#website\",\"url\":\"https:\/\/everbrandsweden.com\/\",\"name\":\"Everbrand\",\"description\":\"\",\"potentialAction\":[{\"@type\":\"SearchAction\",\"target\":{\"@type\":\"EntryPoint\",\"urlTemplate\":\"https:\/\/everbrandsweden.com\/?s={search_term_string}\"},\"query-input\":{\"@type\":\"PropertyValueSpecification\",\"valueRequired\":true,\"valueName\":\"search_term_string\"}}],\"inLanguage\":\"en-US\"}]}<\/script>\n<!-- \/ Yoast SEO plugin. -->","yoast_head_json":{"title":"Torne-se um revendedor - Everbrand","description":"Se voc\u00ea deseja solicitar uma amostra do produto Absodry By Torrbollen e tornar-se um revendedor, por favor preencha o formul\u00e1rio abaixo.","robots":{"index":"index","follow":"follow","max-snippet":"max-snippet:-1","max-image-preview":"max-image-preview:large","max-video-preview":"max-video-preview:-1"},"canonical":"https:\/\/everbrandsweden.com\/en\/torne-se-um-revendedor\/","og_locale":"en_US","og_type":"article","og_title":"Torne-se um revendedor - Everbrand","og_description":"Se voc\u00ea deseja solicitar uma amostra do produto Absodry By Torrbollen e tornar-se um revendedor, por favor preencha o formul\u00e1rio abaixo.","og_url":"https:\/\/everbrandsweden.com\/en\/torne-se-um-revendedor\/","og_site_name":"Everbrand","article_modified_time":"2025-05-22T06:23:10+00:00","og_image":[{"width":900,"height":875,"url":"https:\/\/everbrandsweden.com\/wp-content\/uploads\/2025\/04\/Everbrand_1440x1440px_3-1.png","type":"image\/png"}],"twitter_card":"summary_large_image","twitter_misc":{"Est. reading time":"2 minutes"},"schema":{"@context":"https:\/\/schema.org","@graph":[{"@type":"WebPage","@id":"https:\/\/everbrandsweden.com\/en\/torne-se-um-revendedor\/","url":"https:\/\/everbrandsweden.com\/en\/torne-se-um-revendedor\/","name":"Torne-se um revendedor - Everbrand","isPartOf":{"@id":"https:\/\/everbrandsweden.com\/#website"},"primaryImageOfPage":{"@id":"https:\/\/everbrandsweden.com\/en\/torne-se-um-revendedor\/#primaryimage"},"image":{"@id":"https:\/\/everbrandsweden.com\/en\/torne-se-um-revendedor\/#primaryimage"},"thumbnailUrl":"https:\/\/everbrandsweden.com\/wp-content\/uploads\/2025\/04\/Everbrand_1440x1440px_3-1.png","datePublished":"2025-04-28T12:29:16+00:00","dateModified":"2025-05-22T06:23:10+00:00","description":"Se voc\u00ea deseja solicitar uma amostra do produto Absodry By Torrbollen e tornar-se um revendedor, por favor preencha o formul\u00e1rio abaixo.","breadcrumb":{"@id":"https:\/\/everbrandsweden.com\/en\/torne-se-um-revendedor\/#breadcrumb"},"inLanguage":"en-US","potentialAction":[{"@type":"ReadAction","target":["https:\/\/everbrandsweden.com\/en\/torne-se-um-revendedor\/"]}]},{"@type":"ImageObject","inLanguage":"en-US","@id":"https:\/\/everbrandsweden.com\/en\/torne-se-um-revendedor\/#primaryimage","url":"https:\/\/everbrandsweden.com\/wp-content\/uploads\/2025\/04\/Everbrand_1440x1440px_3-1.png","contentUrl":"https:\/\/everbrandsweden.com\/wp-content\/uploads\/2025\/04\/Everbrand_1440x1440px_3-1.png","width":900,"height":875},{"@type":"BreadcrumbList","@id":"https:\/\/everbrandsweden.com\/en\/torne-se-um-revendedor\/#breadcrumb","itemListElement":[{"@type":"ListItem","position":1,"name":"Hem","item":"https:\/\/everbrandsweden.com\/"},{"@type":"ListItem","position":2,"name":"Torne-se um revendedor"}]},{"@type":"WebSite","@id":"https:\/\/everbrandsweden.com\/#website","url":"https:\/\/everbrandsweden.com\/","name":"Everbrand","description":"","potentialAction":[{"@type":"SearchAction","target":{"@type":"EntryPoint","urlTemplate":"https:\/\/everbrandsweden.com\/?s={search_term_string}"},"query-input":{"@type":"PropertyValueSpecification","valueRequired":true,"valueName":"search_term_string"}}],"inLanguage":"en-US"}]}},"_links":{"self":[{"href":"https:\/\/everbrandsweden.com\/en\/wp-json\/wp\/v2\/pages\/10369","targetHints":{"allow":["GET"]}}],"collection":[{"href":"https:\/\/everbrandsweden.com\/en\/wp-json\/wp\/v2\/pages"}],"about":[{"href":"https:\/\/everbrandsweden.com\/en\/wp-json\/wp\/v2\/types\/page"}],"author":[{"embeddable":true,"href":"https:\/\/everbrandsweden.com\/en\/wp-json\/wp\/v2\/users\/2"}],"replies":[{"embeddable":true,"href":"https:\/\/everbrandsweden.com\/en\/wp-json\/wp\/v2\/comments?post=10369"}],"version-history":[{"count":5,"href":"https:\/\/everbrandsweden.com\/en\/wp-json\/wp\/v2\/pages\/10369\/revisions"}],"predecessor-version":[{"id":10557,"href":"https:\/\/everbrandsweden.com\/en\/wp-json\/wp\/v2\/pages\/10369\/revisions\/10557"}],"wp:featuredmedia":[{"embeddable":true,"href":"https:\/\/everbrandsweden.com\/en\/wp-json\/wp\/v2\/media\/10340"}],"wp:attachment":[{"href":"https:\/\/everbrandsweden.com\/en\/wp-json\/wp\/v2\/media?parent=10369"}],"curies":[{"name":"wp","href":"https:\/\/api.w.org\/{rel}","templated":true}]}}