{"id":7095,"date":"2021-07-20T15:03:55","date_gmt":"2021-07-20T14:03:55","guid":{"rendered":"http:\/\/everbrandsweden.com\/kopvillkor\/"},"modified":"2023-09-12T07:56:17","modified_gmt":"2023-09-12T06:56:17","slug":"terms-and-conditions","status":"publish","type":"page","link":"https:\/\/everbrandsweden.com\/en\/terms-and-conditions\/","title":{"rendered":"Terms and Conditions"},"content":{"rendered":"\n\n\t<section class=\"section\" id=\"section_1296434799\">\n\t\t<div class=\"section-bg fill\" >\n\t\t\t\t\t\t\t\t\t\n\t\t\t\n\n\t\t<\/div>\n\n\t\t\n\n\t\t<div class=\"section-content relative\">\n\t\t\t\n\n<div class=\"row row-large align-center\"  id=\"row-1153225885\">\n\n\n\t<div id=\"col-13086523\" class=\"col medium-11 small-12 large-11\"  >\n\t\t\t\t<div class=\"col-inner\"  >\n\t\t\t\n\t\t\t\n\n\t<div id=\"gap-2088355219\" class=\"gap-element clearfix\" style=\"display:block; height:auto;\">\n\t\t\n<style>\n#gap-2088355219 {\n  padding-top: 100px;\n}\n@media (min-width:550px) {\n  #gap-2088355219 {\n    padding-top: 120px;\n  }\n}\n<\/style>\n\t<\/div>\n\t\n\n<h1>Terms and Conditions<\/h1>\n\t<div id=\"gap-940028222\" class=\"gap-element clearfix\" style=\"display:block; height:auto;\">\n\t\t\n<style>\n#gap-940028222 {\n  padding-top: 15px;\n}\n@media (min-width:550px) {\n  #gap-940028222 {\n    padding-top: 20px;\n  }\n}\n@media (min-width:850px) {\n  #gap-940028222 {\n    padding-top: 30px;\n  }\n}\n<\/style>\n\t<\/div>\n\t\n\n<h4><strong>About Everbrand Sweden<br \/><\/strong><\/h4>\n<p>The company is based in Hillerstorp. The company\u2019s postal address is \u00c5g\u00e5rdsv\u00e4gen 4, 335 73, Hillerstorp. If you wish to get in touch with us, send an email to <u><a href=\"mailto:hello@everbrandsweden.com\">hello@everbrandsweden.com<\/a><\/u> with your case and your contact details and you will hear from us shortly.<\/p>\n<h4><strong>Ordering<br \/><\/strong><\/h4>\n<p>Once you have completed your order, an order confirmation will be sent to your email address. In the confirmation you will find all information about products, price, billing and delivery address. If there is an error in the order confirmation, you must immediately contact us via email to hello@everbrandsweden.com.<\/p>\n<h4><strong>Delivery<br \/><\/strong><\/h4>\n<p><strong>Our webshop is currently only open for Swedish addresses.<\/strong><\/p>\n<p>Our normal delivery times are 1-4 days. ATTENTION! Orders placed on weekends are sent on the following Monday at the earliest. Should delays in delivery occur (without us notifying you a longer delivery time), please contact us at the email address: hello@everbrandsweden.com.<\/p>\n<p>Should the product be sent and not picked up at e.g. agent during the time span included (usually available for 14 days) and then sent back, Everbrand Sweden has the right to cancel the order with a deduction of SEK 150 for administration and shipping.<\/p>\n<h4><strong>Prices<br \/><\/strong><\/h4>\n<p>All prices in the store are stated in SEK and all prices include 25% VAT. We reserve the right to price changes caused by price changes from the supplier, misprints in the price list and inaccuracies in prices due to incorrect information and reserve the right to adjust the price.<\/p>\n<h4><strong>Right of cancellation<br \/><\/strong><\/h4>\n<p>When purchasing goods on the website, you as a customer have a statutory 14-day right of withdrawal that applies from the moment you have received a product that you have ordered.<\/p>\n<h5><strong>When using your right of cancellation:<br \/><\/strong><\/h5>\n<p>You must announce that you regret it. The message should be sent to us at hello@everbrandsweden.com. In your message, your name, your address, e-mail address, the order number and which goods the return applies to must be clearly stated. You should return the products to us immediately and at the latest within the statutory 14 days after the cancellation notice. You are responsible for return shipping, delivery and condition of the products upon return, the products should therefore be sent well packaged and in their original packaging. From the refund amount, we reserve the right to deduct a sum corresponding to the decrease in value compared to the original value of the product in the case of a used or damaged product.<\/p>\n<h5><strong>The right of cancellation does not apply in the event of:<br \/><\/strong><\/h5>\n<ul>\n<li>Products that have been sealed (sealed) for health or hygiene reasons and where the seal (sealing) has been broken by you. Products that have the character of sealed sound or image recording and where the seal has been broken by you.<\/li>\n<li>Custom-made product, which has been tailored especially for you or has a clear personal touch according to your wishes.<\/li>\n<li>Services that have been completed and where you have expressly consented to the commencement of the service without right of withdrawal.<\/li>\n<li>Goods that can quickly deteriorate, for example food.<\/li>\n<li>Loose numbers of newspapers or magazines.<\/li>\n<\/ul>\n<p><strong><em>For more on the statutory right of withdrawal, see<\/em> <a href=\"https:\/\/www.konsumentverket.se\/languages\/english-engelska\/\" target=\"_blank\" rel=\"noopener\">here.<\/a><\/strong><\/p>\n<h4><strong>Claims and complaints<br \/><\/strong><\/h4>\n<p>We inspect all products before they are sent to you. Should the product still be damaged or wrongly shipped when it arrives, we undertake, in accordance with current consumer protection legislation, to rectify the error free of charge. You must always contact us for approval before returning a defective item. The complaint must be sent immediately after the defect has been discovered.<\/p>\n<h5><strong>How do you proceed with a complaint?<br \/><\/strong><\/h5>\n<p>Any errors and defects must always be reported to hello@everbrandsweden.com, where you state your name, address, e-mail address, order number and a description of the error. If we are unable to remedy the defect or supply a similar product, we will refund you for the defective product in accordance with applicable consumer protection legislation. We are responsible for return shipping in the event of approved complaints.<\/p>\n<p>We reserve the right to refuse a complaint if it turns out that the item is not faulty in accordance with current consumer protection legislation. In the case of complaints, we follow guidelines from the General Complaints Board, see arn.se.<\/p>\n<h5><strong>Limitation of liability<\/strong><\/h5>\n<p>We take no responsibility for indirect damages that may occur due to the product.<\/p>\n<p>We accept no responsibility for delays\/failures resulting from circumstances beyond the company\u2019s control (Force Majeure). These circumstances can be, for example, labor conflict, fire, war, authority decision, reduced or non-delivery by supplier.<\/p>\n<p>Furthermore, no responsibility is taken for any changes to products\/product features changed by respective suppliers and other factors beyond our control.<\/p>\n<h5><strong>Product information<\/strong><\/h5>\n<p>We reserve the right for any typographical errors on this website and final sale of products. We do not guarantee that the images reproduce the exact appearance of the products as a certain color difference may occur depending on the monitor, photo quality and resolution. We always try our best to display the products as accurately as possible.<\/p>\n<h5><strong>Information about Cookies<br \/><\/strong><\/h5>\n<p>According to the Electronic Information Act, visitors to a website for privacy purposes must be informed that cookies are being used. The information in the cookie can be used to track a user\u2019s browsing. A cookie is a small text file that the website you visit requests to save on your computer to provide access to various functions. It is possible to set your browser so that it automatically refuses cookies. More information can be found on the Swedish Post and Telecommunications Authority\u2019s website.<\/p>\n<h5><strong>Personal data<\/strong><\/h5>\n<p>By shopping at Everbrand Sweden, you accept our data protection policy and our processing of your personal data. We protect your personal privacy and do not collect more information than is necessary to process your order. We never sell or pass on your data to third parties without a legal basis.<\/p>\n<p>Everbrand Sweden is responsible for the processing of personal data that you have provided to us as a customer. Your personal data is processed by us in order to be able to handle your order as well as in the cases where you have requested newsletters or promotional offers \u2013 to be able to adapt the marketing to your individual needs.<\/p>\n<p>The information below is a summary of how we store and process your data in accordance with the <a href=\"https:\/\/www.imy.se\/en\/\" target=\"_blank\" rel=\"noopener\">General Data Protection Regulation (GDPR)<\/a>.<\/p>\n<p><strong>10.1 What is personal data?<\/strong><br \/>Personal data is all information that can be directly or indirectly attributed to a natural person.<\/p>\n<p><strong>10.2 What data do we store?<\/strong><br \/>In order to handle your order and answer questions related to your order (customer service), we store your first and last name, address, phone number, email address, IP address and purchase history.<\/p>\n<p>Your data is stored as long as we have a legal basis to process your data, for example to fulfill the agreement between us or to comply with a legal obligation according to, for example, the Accounting Act.<\/p>\n<p><strong>10.3 Legal Basis<\/strong><br \/>In connection with a purchase, your personal data is processed to complete the agreement with you. Marketing, campaigns and similar mailings take place with your consent.<\/p>\n<p><strong>10.4 What information is shared and for what purpose?<\/strong><br \/><strong>10.4.1 Payment provider<br \/><\/strong>When making purchases, information is shared with our payment provider. What is stored is first name, last name, address, e-mail address and telephone number. If you choose to pay by invoice, the social security number is also saved with the payment provider. The information is saved to be able to complete the purchase and to protect the parties against fraud. The payment providers (payment services) we use are: Klarna.<\/p>\n<p><strong>10.4.2 Shipping company<\/strong><br \/>In order to deliver your orders and complete our contract, we need to share specific information with the shipping company. What is shared with the shipping company is first name, last name and address information for delivery. Email address and\/or mobile number may also be shared with the shipping company for notification. The shipping companies we work with are: DHL and Postnord.<\/p>\n<p><strong>10.4.3 Newsletter<\/strong><br \/>If you have chosen to subscribe to our newsletter, your first name, last name and email address will be shared with our newsletter provider. This is to be able to keep you updated with information and offers for marketing purposes. We use Getanewsletter for sending newsletters.<\/p>\n<p><strong>10.5 The Right of Access<\/strong><br \/>You have the right to receive extracts from all information that we hold about you. Extracts are delivered electronically in a readable format.<\/p>\n<p><strong>10.6 Right to rectification<\/strong><br \/>You have the right to ask us to update incorrect information or supplement information that is incomplete.<\/p>\n<p><strong>10.7 The right to be forgotten<\/strong><br \/>You can at any time request that the data relating to you be deleted. There are few exceptions to the right to erasure, such as if it is to be retained because we have to fulfill a legal obligation (for example under the Accounting Act).<\/p>\n<p><strong>10.8 Responsible for data protection<\/strong><br \/>Everbrand Sweden is responsible for the storage and processing of personal data in the online store and ensures that the rules are followed.<\/p>\n<p><strong>10.9 How we protect your personal data<\/strong><br \/>We use industry standards such as SSL\/TLS and one-way hash algorithms to store, process and communicate sensitive information such as personal data and passwords in a secure manner.<\/p>\n<h5><strong>Changes to the General Terms and Conditions<br \/><\/strong><\/h5>\n<p>We reserve the right to make changes to the terms and conditions at any time. Changes to the Terms will be posted online on the Site. The amended terms and conditions are deemed accepted in connection with orders or visits to the website.<\/p>\n<h5><strong>Dispute and choice of law<\/strong><\/h5>\n<p>In the event that a dispute cannot be resolved in agreement with the company\u2019s customer service and the customer, you as a customer can turn to the General Complaints Board, see arn.se. For residents of an EU country other than Sweden, you can submit a complaint online via the European Commission\u2019s platform for mediation in disputes, see <a href=\"http:\/\/ec.europa.eu\/consumers\/odr\" target=\"_blank\" rel=\"noopener\">http:\/\/ec.europa.eu\/consumers\/odr<\/a><\/p>\n<p>In the event of a dispute, we follow the decision of ARN or the corresponding dispute resolution body.<\/p>\n<p>Disputes regarding the interpretation or application of these general terms and conditions shall be interpreted in accordance with Swedish law.<\/p>\n\n\n\t\t<\/div>\n\t\t\t\t\t<\/div>\n\n\t\n\n<\/div>\n\t<div id=\"gap-823402085\" class=\"gap-element clearfix\" style=\"display:block; height:auto;\">\n\t\t\n<style>\n#gap-823402085 {\n  padding-top: 30px;\n}\n<\/style>\n\t<\/div>\n\t\n\n\n\t\t<\/div>\n\n\t\t\n<style>\n#section_1296434799 {\n  padding-top: 0px;\n  padding-bottom: 0px;\n}\n<\/style>\n\t<\/section>\n\t\n\n","protected":false},"excerpt":{"rendered":"","protected":false},"author":1,"featured_media":0,"parent":0,"menu_order":0,"comment_status":"closed","ping_status":"closed","template":"page-blank.php","meta":{"_acf_changed":false,"footnotes":""},"class_list":["post-7095","page","type-page","status-publish","hentry"],"acf":[],"yoast_head":"<!-- This site is optimized with the Yoast SEO plugin v26.0 - https:\/\/yoast.com\/wordpress\/plugins\/seo\/ -->\n<title>Terms and Conditions - Everbrand<\/title>\n<meta name=\"description\" content=\"Here you will find Evebrand Sweden&#039;s terms of purchase regarding, for example orders, right of withdrawal, complaints and complaints.\" \/>\n<meta name=\"robots\" content=\"index, follow, max-snippet:-1, max-image-preview:large, max-video-preview:-1\" \/>\n<link rel=\"canonical\" href=\"https:\/\/everbrandsweden.com\/en\/terms-and-conditions\/\" \/>\n<meta property=\"og:locale\" content=\"en_US\" \/>\n<meta property=\"og:type\" content=\"article\" \/>\n<meta property=\"og:title\" content=\"Terms and Conditions - Everbrand\" \/>\n<meta property=\"og:description\" content=\"Here you will find Evebrand Sweden&#039;s terms of purchase regarding, for example orders, right of withdrawal, complaints and complaints.\" \/>\n<meta property=\"og:url\" content=\"https:\/\/everbrandsweden.com\/en\/terms-and-conditions\/\" \/>\n<meta property=\"og:site_name\" content=\"Everbrand\" \/>\n<meta property=\"article:modified_time\" content=\"2023-09-12T06:56:17+00:00\" \/>\n<meta name=\"twitter:card\" content=\"summary_large_image\" \/>\n<meta name=\"twitter:label1\" content=\"Est. reading time\" \/>\n\t<meta name=\"twitter:data1\" content=\"9 minutes\" \/>\n<script type=\"application\/ld+json\" class=\"yoast-schema-graph\">{\"@context\":\"https:\/\/schema.org\",\"@graph\":[{\"@type\":\"WebPage\",\"@id\":\"https:\/\/everbrandsweden.com\/en\/terms-and-conditions\/\",\"url\":\"https:\/\/everbrandsweden.com\/en\/terms-and-conditions\/\",\"name\":\"Terms and Conditions - Everbrand\",\"isPartOf\":{\"@id\":\"https:\/\/everbrandsweden.com\/#website\"},\"datePublished\":\"2021-07-20T14:03:55+00:00\",\"dateModified\":\"2023-09-12T06:56:17+00:00\",\"description\":\"Here you will find Evebrand Sweden's terms of purchase regarding, for example orders, right of withdrawal, complaints and complaints.\",\"breadcrumb\":{\"@id\":\"https:\/\/everbrandsweden.com\/en\/terms-and-conditions\/#breadcrumb\"},\"inLanguage\":\"en-US\",\"potentialAction\":[{\"@type\":\"ReadAction\",\"target\":[\"https:\/\/everbrandsweden.com\/en\/terms-and-conditions\/\"]}]},{\"@type\":\"BreadcrumbList\",\"@id\":\"https:\/\/everbrandsweden.com\/en\/terms-and-conditions\/#breadcrumb\",\"itemListElement\":[{\"@type\":\"ListItem\",\"position\":1,\"name\":\"Hem\",\"item\":\"https:\/\/everbrandsweden.com\/\"},{\"@type\":\"ListItem\",\"position\":2,\"name\":\"Terms and Conditions\"}]},{\"@type\":\"WebSite\",\"@id\":\"https:\/\/everbrandsweden.com\/#website\",\"url\":\"https:\/\/everbrandsweden.com\/\",\"name\":\"Everbrand\",\"description\":\"\",\"potentialAction\":[{\"@type\":\"SearchAction\",\"target\":{\"@type\":\"EntryPoint\",\"urlTemplate\":\"https:\/\/everbrandsweden.com\/?s={search_term_string}\"},\"query-input\":{\"@type\":\"PropertyValueSpecification\",\"valueRequired\":true,\"valueName\":\"search_term_string\"}}],\"inLanguage\":\"en-US\"}]}<\/script>\n<!-- \/ Yoast SEO plugin. -->","yoast_head_json":{"title":"Terms and Conditions - Everbrand","description":"Here you will find Evebrand Sweden's terms of purchase regarding, for example orders, right of withdrawal, complaints and complaints.","robots":{"index":"index","follow":"follow","max-snippet":"max-snippet:-1","max-image-preview":"max-image-preview:large","max-video-preview":"max-video-preview:-1"},"canonical":"https:\/\/everbrandsweden.com\/en\/terms-and-conditions\/","og_locale":"en_US","og_type":"article","og_title":"Terms and Conditions - Everbrand","og_description":"Here you will find Evebrand Sweden's terms of purchase regarding, for example orders, right of withdrawal, complaints and complaints.","og_url":"https:\/\/everbrandsweden.com\/en\/terms-and-conditions\/","og_site_name":"Everbrand","article_modified_time":"2023-09-12T06:56:17+00:00","twitter_card":"summary_large_image","twitter_misc":{"Est. reading time":"9 minutes"},"schema":{"@context":"https:\/\/schema.org","@graph":[{"@type":"WebPage","@id":"https:\/\/everbrandsweden.com\/en\/terms-and-conditions\/","url":"https:\/\/everbrandsweden.com\/en\/terms-and-conditions\/","name":"Terms and Conditions - Everbrand","isPartOf":{"@id":"https:\/\/everbrandsweden.com\/#website"},"datePublished":"2021-07-20T14:03:55+00:00","dateModified":"2023-09-12T06:56:17+00:00","description":"Here you will find Evebrand Sweden's terms of purchase regarding, for example orders, right of withdrawal, complaints and complaints.","breadcrumb":{"@id":"https:\/\/everbrandsweden.com\/en\/terms-and-conditions\/#breadcrumb"},"inLanguage":"en-US","potentialAction":[{"@type":"ReadAction","target":["https:\/\/everbrandsweden.com\/en\/terms-and-conditions\/"]}]},{"@type":"BreadcrumbList","@id":"https:\/\/everbrandsweden.com\/en\/terms-and-conditions\/#breadcrumb","itemListElement":[{"@type":"ListItem","position":1,"name":"Hem","item":"https:\/\/everbrandsweden.com\/"},{"@type":"ListItem","position":2,"name":"Terms and Conditions"}]},{"@type":"WebSite","@id":"https:\/\/everbrandsweden.com\/#website","url":"https:\/\/everbrandsweden.com\/","name":"Everbrand","description":"","potentialAction":[{"@type":"SearchAction","target":{"@type":"EntryPoint","urlTemplate":"https:\/\/everbrandsweden.com\/?s={search_term_string}"},"query-input":{"@type":"PropertyValueSpecification","valueRequired":true,"valueName":"search_term_string"}}],"inLanguage":"en-US"}]}},"_links":{"self":[{"href":"https:\/\/everbrandsweden.com\/en\/wp-json\/wp\/v2\/pages\/7095","targetHints":{"allow":["GET"]}}],"collection":[{"href":"https:\/\/everbrandsweden.com\/en\/wp-json\/wp\/v2\/pages"}],"about":[{"href":"https:\/\/everbrandsweden.com\/en\/wp-json\/wp\/v2\/types\/page"}],"author":[{"embeddable":true,"href":"https:\/\/everbrandsweden.com\/en\/wp-json\/wp\/v2\/users\/1"}],"replies":[{"embeddable":true,"href":"https:\/\/everbrandsweden.com\/en\/wp-json\/wp\/v2\/comments?post=7095"}],"version-history":[{"count":20,"href":"https:\/\/everbrandsweden.com\/en\/wp-json\/wp\/v2\/pages\/7095\/revisions"}],"predecessor-version":[{"id":9011,"href":"https:\/\/everbrandsweden.com\/en\/wp-json\/wp\/v2\/pages\/7095\/revisions\/9011"}],"wp:attachment":[{"href":"https:\/\/everbrandsweden.com\/en\/wp-json\/wp\/v2\/media?parent=7095"}],"curies":[{"name":"wp","href":"https:\/\/api.w.org\/{rel}","templated":true}]}}